{"id":518,"date":"2016-09-06T14:20:36","date_gmt":"2016-09-06T12:20:36","guid":{"rendered":"https:\/\/www.hydrablock-pro.com\/shop\/woodseal-pro-2\/"},"modified":"2026-04-27T14:40:23","modified_gmt":"2026-04-27T12:40:23","slug":"hydrablock-pro-beton-impregneermiddel","status":"publish","type":"product","link":"https:\/\/www.hydrablock-pro.com\/nl\/webwinkel\/hydrablock-pro-beton-impregneermiddel\/","title":{"rendered":"Hydrablock Pro"},"content":{"rendered":"<p>Hydrablock Pro is een diep doordringend, milieuvriendelijk beton impregneermiddel \/ beton sealer die is ontworpen voor het beschermen van al uw beton oppervlakken. De actieve ingredi\u00ebnten dringen diep in het beton door en binden zich chemisch om pori\u00ebn tot vier centimeter diep op te vullen. Dit proces cre\u00ebert een krachtige, dampopen \/ ademende barri\u00e8re tegen vocht, vuil en vlekken.<\/p>\n<h2>Voordelen van Hydrablock Pro beton impregneer<\/h2>\n<ul>\n<li><strong>Permanente Waterdichtheid:<\/strong> Cre\u00ebert een duurzame waterdichte barri\u00e8re voor uw beton, met permanente werking.<\/li>\n<li><strong>Diepe Penetratie:<\/strong> Verdicht beton van binnenuit voor langdurige bescherming.<\/li>\n<li><strong>Vuilwerend en vlekbestendig:<\/strong> Houdt beton er schoon uit door vuil af te stoten en vlekken te voorkomen.<\/li>\n<li><strong>Voorkomt Betonrot (RSA):<\/strong> Beschermt tegen slijtage en verlengt de levensduur van beton.<\/li>\n<li><strong>Bescherming tegen Vorst \/ Vries- en dooi schade:<\/strong> Beschermt tegen scheuren en schade veroorzaakt door temperatuurwisselingen.<\/li>\n<\/ul>\n<h3>Eenvoudige Doe-het-zelf Toepassing<\/h3>\n<p>Hydrablock Pro is eenvoudig aan te brengen en heeft een doe-het-zelf prijs gewonnen voor de beste gebruiksvriendelijkheid bij applicatie. Gebruik gewoon een borstel, roller of lagedrukspuit voor een gelijkmatige dekking.<\/p>\n<p><em>Belangrijk: nabijgelegen ramen, kozijnen en metalen onderdelen afplakken voordat u het product aanbrengt. Ruim gemorste vloeistof onmiddellijk op. Niet aanbrengen op reeds waterdichte oppervlakken of geglazuurde tegels.<\/em><\/p>\n<h4>Dekking<\/h4>\n<p>Hydrablock Pro is een kant-en-klare \/ gebruiksklare formule. E\u00e9n liter is voldoende voor ongeveer 4 m\u00b2 (43 sq ft) beton.<\/p>\n","protected":false},"excerpt":{"rendered":"<h3>De ultieme bescherming tegen water, vloeistof, gas, schimmel, mos, algen en vlekken.<\/h3>\n<p>H\u00e9t bekroonde beton impregneermiddel, om beton echt permanent en 100% waterdicht te maken. Eenvoudig aan te brengen, direct resultaat.<\/p>\n<p>Verkrijgbaar in 1, 2.5, 5, 10 en 25 liter.<\/p>\n<p><strong>Voor 15:00 uur besteld = volgende dag in huis (Nederland en Belgi\u00eb)<\/strong><\/p>\n","protected":false},"featured_media":1619,"comment_status":"open","ping_status":"closed","template":"","meta":[],"product_brand":[71],"product_cat":[69],"product_tag":[],"class_list":{"0":"post-518","1":"product","2":"type-product","3":"status-publish","4":"has-post-thumbnail","6":"product_brand-greenseal-solutions","7":"product_cat-beton-impregneermiddel","9":"first","10":"instock","11":"taxable","12":"shipping-taxable","13":"purchasable","14":"product-type-variable","15":"has-default-attributes"},"yoast_head":"<!-- This site is optimized with the Yoast SEO plugin v27.5 - https:\/\/yoast.com\/product\/yoast-seo-wordpress\/ -->\n<title>#1 Beton impregneermiddel [NIEUW] - 100% waterdicht<\/title>\n<meta name=\"description\" content=\"Hydrablock Pro - op nanotechnologie gebaseerd beton impregneermiddel. Maakt al het beton permanent waterdicht. Voorkomt de aanslag van vuil, mos, algen - NIEUW\" \/>\n<meta name=\"robots\" content=\"index, follow, max-snippet:-1, max-image-preview:large, max-video-preview:-1\" \/>\n<link rel=\"canonical\" href=\"https:\/\/www.hydrablock-pro.com\/nl\/webwinkel\/hydrablock-pro-beton-impregneermiddel\/\" \/>\n<meta property=\"og:locale\" content=\"nl_NL\" \/>\n<meta property=\"og:type\" content=\"article\" \/>\n<meta property=\"og:title\" content=\"#1 Beton impregneermiddel [NIEUW] - 100% waterdicht\" \/>\n<meta property=\"og:description\" content=\"Hydrablock Pro - op nanotechnologie gebaseerd beton impregneermiddel. Maakt al het beton permanent waterdicht. Voorkomt de aanslag van vuil, mos, algen - NIEUW\" \/>\n<meta property=\"og:url\" content=\"https:\/\/www.hydrablock-pro.com\/nl\/webwinkel\/hydrablock-pro-beton-impregneermiddel\/\" \/>\n<meta property=\"og:site_name\" content=\"Hydrablock Pro\" \/>\n<meta property=\"article:modified_time\" content=\"2026-04-27T12:40:23+00:00\" \/>\n<meta property=\"og:image\" content=\"https:\/\/www.hydrablock-pro.com\/wp-content\/uploads\/hydrablock-pro-5-liter_500px.webp\" \/>\n\t<meta property=\"og:image:width\" content=\"500\" \/>\n\t<meta property=\"og:image:height\" content=\"549\" \/>\n\t<meta property=\"og:image:type\" content=\"image\/webp\" \/>\n<meta name=\"twitter:card\" content=\"summary_large_image\" \/>\n<script type=\"application\/ld+json\" class=\"yoast-schema-graph\">{\"@context\":\"https:\\\/\\\/schema.org\",\"@graph\":[{\"@type\":\"WebPage\",\"@id\":\"https:\\\/\\\/www.hydrablock-pro.com\\\/nl\\\/webwinkel\\\/hydrablock-pro-beton-impregneermiddel\\\/\",\"url\":\"https:\\\/\\\/www.hydrablock-pro.com\\\/nl\\\/webwinkel\\\/hydrablock-pro-beton-impregneermiddel\\\/\",\"name\":\"#1 Beton impregneermiddel [NIEUW] - 100% waterdicht\",\"isPartOf\":{\"@id\":\"https:\\\/\\\/www.hydrablock-pro.com\\\/#website\"},\"primaryImageOfPage\":{\"@id\":\"https:\\\/\\\/www.hydrablock-pro.com\\\/nl\\\/webwinkel\\\/hydrablock-pro-beton-impregneermiddel\\\/#primaryimage\"},\"image\":{\"@id\":\"https:\\\/\\\/www.hydrablock-pro.com\\\/nl\\\/webwinkel\\\/hydrablock-pro-beton-impregneermiddel\\\/#primaryimage\"},\"thumbnailUrl\":\"https:\\\/\\\/www.hydrablock-pro.com\\\/wp-content\\\/uploads\\\/hydrablock-pro-5-liter_500px.webp\",\"datePublished\":\"2016-09-06T12:20:36+00:00\",\"dateModified\":\"2026-04-27T12:40:23+00:00\",\"description\":\"Hydrablock Pro - op nanotechnologie gebaseerd beton impregneermiddel. Maakt al het beton permanent waterdicht. Voorkomt de aanslag van vuil, mos, algen - NIEUW\",\"breadcrumb\":{\"@id\":\"https:\\\/\\\/www.hydrablock-pro.com\\\/nl\\\/webwinkel\\\/hydrablock-pro-beton-impregneermiddel\\\/#breadcrumb\"},\"inLanguage\":\"nl\",\"potentialAction\":[{\"@type\":\"ReadAction\",\"target\":[\"https:\\\/\\\/www.hydrablock-pro.com\\\/nl\\\/webwinkel\\\/hydrablock-pro-beton-impregneermiddel\\\/\"]}]},{\"@type\":\"ImageObject\",\"inLanguage\":\"nl\",\"@id\":\"https:\\\/\\\/www.hydrablock-pro.com\\\/nl\\\/webwinkel\\\/hydrablock-pro-beton-impregneermiddel\\\/#primaryimage\",\"url\":\"https:\\\/\\\/www.hydrablock-pro.com\\\/wp-content\\\/uploads\\\/hydrablock-pro-5-liter_500px.webp\",\"contentUrl\":\"https:\\\/\\\/www.hydrablock-pro.com\\\/wp-content\\\/uploads\\\/hydrablock-pro-5-liter_500px.webp\",\"width\":500,\"height\":549,\"caption\":\"hydrablock pro, beton impregneermiddel, kelder waterdicht maken, beton impregneren\"},{\"@type\":\"BreadcrumbList\",\"@id\":\"https:\\\/\\\/www.hydrablock-pro.com\\\/nl\\\/webwinkel\\\/hydrablock-pro-beton-impregneermiddel\\\/#breadcrumb\",\"itemListElement\":[{\"@type\":\"ListItem\",\"position\":1,\"name\":\"Home\",\"item\":\"https:\\\/\\\/www.hydrablock-pro.com\\\/nl\\\/\"},{\"@type\":\"ListItem\",\"position\":2,\"name\":\"Webwinkel\",\"item\":\"https:\\\/\\\/www.hydrablock-pro.com\\\/nl\\\/webwinkel\\\/\"},{\"@type\":\"ListItem\",\"position\":3,\"name\":\"Hydrablock Pro\"}]},{\"@type\":\"WebSite\",\"@id\":\"https:\\\/\\\/www.hydrablock-pro.com\\\/#website\",\"url\":\"https:\\\/\\\/www.hydrablock-pro.com\\\/\",\"name\":\"Hydrablock Pro\",\"description\":\"Beton impregneren, waterdicht maken en verduurzamen\",\"publisher\":{\"@id\":\"https:\\\/\\\/www.hydrablock-pro.com\\\/#organization\"},\"potentialAction\":[{\"@type\":\"SearchAction\",\"target\":{\"@type\":\"EntryPoint\",\"urlTemplate\":\"https:\\\/\\\/www.hydrablock-pro.com\\\/?s={search_term_string}\"},\"query-input\":{\"@type\":\"PropertyValueSpecification\",\"valueRequired\":true,\"valueName\":\"search_term_string\"}}],\"inLanguage\":\"nl\"},{\"@type\":\"Organization\",\"@id\":\"https:\\\/\\\/www.hydrablock-pro.com\\\/#organization\",\"name\":\"Hydrablock Pro\",\"url\":\"https:\\\/\\\/www.hydrablock-pro.com\\\/\",\"logo\":{\"@type\":\"ImageObject\",\"inLanguage\":\"nl\",\"@id\":\"https:\\\/\\\/www.hydrablock-pro.com\\\/#\\\/schema\\\/logo\\\/image\\\/\",\"url\":\"https:\\\/\\\/www.hydrablock-pro.com\\\/wp-content\\\/uploads\\\/logo-hydrablock-pro_500x156.png\",\"contentUrl\":\"https:\\\/\\\/www.hydrablock-pro.com\\\/wp-content\\\/uploads\\\/logo-hydrablock-pro_500x156.png\",\"width\":500,\"height\":156,\"caption\":\"Hydrablock Pro\"},\"image\":{\"@id\":\"https:\\\/\\\/www.hydrablock-pro.com\\\/#\\\/schema\\\/logo\\\/image\\\/\"}}]}<\/script>\n<!-- \/ Yoast SEO plugin. -->","yoast_head_json":{"title":"#1 Beton impregneermiddel [NIEUW] - 100% waterdicht","description":"Hydrablock Pro - op nanotechnologie gebaseerd beton impregneermiddel. Maakt al het beton permanent waterdicht. Voorkomt de aanslag van vuil, mos, algen - NIEUW","robots":{"index":"index","follow":"follow","max-snippet":"max-snippet:-1","max-image-preview":"max-image-preview:large","max-video-preview":"max-video-preview:-1"},"canonical":"https:\/\/www.hydrablock-pro.com\/nl\/webwinkel\/hydrablock-pro-beton-impregneermiddel\/","og_locale":"nl_NL","og_type":"article","og_title":"#1 Beton impregneermiddel [NIEUW] - 100% waterdicht","og_description":"Hydrablock Pro - op nanotechnologie gebaseerd beton impregneermiddel. Maakt al het beton permanent waterdicht. Voorkomt de aanslag van vuil, mos, algen - NIEUW","og_url":"https:\/\/www.hydrablock-pro.com\/nl\/webwinkel\/hydrablock-pro-beton-impregneermiddel\/","og_site_name":"Hydrablock Pro","article_modified_time":"2026-04-27T12:40:23+00:00","og_image":[{"width":500,"height":549,"url":"https:\/\/www.hydrablock-pro.com\/wp-content\/uploads\/hydrablock-pro-5-liter_500px.webp","type":"image\/webp"}],"twitter_card":"summary_large_image","schema":{"@context":"https:\/\/schema.org","@graph":[{"@type":"WebPage","@id":"https:\/\/www.hydrablock-pro.com\/nl\/webwinkel\/hydrablock-pro-beton-impregneermiddel\/","url":"https:\/\/www.hydrablock-pro.com\/nl\/webwinkel\/hydrablock-pro-beton-impregneermiddel\/","name":"#1 Beton impregneermiddel [NIEUW] - 100% waterdicht","isPartOf":{"@id":"https:\/\/www.hydrablock-pro.com\/#website"},"primaryImageOfPage":{"@id":"https:\/\/www.hydrablock-pro.com\/nl\/webwinkel\/hydrablock-pro-beton-impregneermiddel\/#primaryimage"},"image":{"@id":"https:\/\/www.hydrablock-pro.com\/nl\/webwinkel\/hydrablock-pro-beton-impregneermiddel\/#primaryimage"},"thumbnailUrl":"https:\/\/www.hydrablock-pro.com\/wp-content\/uploads\/hydrablock-pro-5-liter_500px.webp","datePublished":"2016-09-06T12:20:36+00:00","dateModified":"2026-04-27T12:40:23+00:00","description":"Hydrablock Pro - op nanotechnologie gebaseerd beton impregneermiddel. Maakt al het beton permanent waterdicht. Voorkomt de aanslag van vuil, mos, algen - NIEUW","breadcrumb":{"@id":"https:\/\/www.hydrablock-pro.com\/nl\/webwinkel\/hydrablock-pro-beton-impregneermiddel\/#breadcrumb"},"inLanguage":"nl","potentialAction":[{"@type":"ReadAction","target":["https:\/\/www.hydrablock-pro.com\/nl\/webwinkel\/hydrablock-pro-beton-impregneermiddel\/"]}]},{"@type":"ImageObject","inLanguage":"nl","@id":"https:\/\/www.hydrablock-pro.com\/nl\/webwinkel\/hydrablock-pro-beton-impregneermiddel\/#primaryimage","url":"https:\/\/www.hydrablock-pro.com\/wp-content\/uploads\/hydrablock-pro-5-liter_500px.webp","contentUrl":"https:\/\/www.hydrablock-pro.com\/wp-content\/uploads\/hydrablock-pro-5-liter_500px.webp","width":500,"height":549,"caption":"hydrablock pro, beton impregneermiddel, kelder waterdicht maken, beton impregneren"},{"@type":"BreadcrumbList","@id":"https:\/\/www.hydrablock-pro.com\/nl\/webwinkel\/hydrablock-pro-beton-impregneermiddel\/#breadcrumb","itemListElement":[{"@type":"ListItem","position":1,"name":"Home","item":"https:\/\/www.hydrablock-pro.com\/nl\/"},{"@type":"ListItem","position":2,"name":"Webwinkel","item":"https:\/\/www.hydrablock-pro.com\/nl\/webwinkel\/"},{"@type":"ListItem","position":3,"name":"Hydrablock Pro"}]},{"@type":"WebSite","@id":"https:\/\/www.hydrablock-pro.com\/#website","url":"https:\/\/www.hydrablock-pro.com\/","name":"Hydrablock Pro","description":"Beton impregneren, waterdicht maken en verduurzamen","publisher":{"@id":"https:\/\/www.hydrablock-pro.com\/#organization"},"potentialAction":[{"@type":"SearchAction","target":{"@type":"EntryPoint","urlTemplate":"https:\/\/www.hydrablock-pro.com\/?s={search_term_string}"},"query-input":{"@type":"PropertyValueSpecification","valueRequired":true,"valueName":"search_term_string"}}],"inLanguage":"nl"},{"@type":"Organization","@id":"https:\/\/www.hydrablock-pro.com\/#organization","name":"Hydrablock Pro","url":"https:\/\/www.hydrablock-pro.com\/","logo":{"@type":"ImageObject","inLanguage":"nl","@id":"https:\/\/www.hydrablock-pro.com\/#\/schema\/logo\/image\/","url":"https:\/\/www.hydrablock-pro.com\/wp-content\/uploads\/logo-hydrablock-pro_500x156.png","contentUrl":"https:\/\/www.hydrablock-pro.com\/wp-content\/uploads\/logo-hydrablock-pro_500x156.png","width":500,"height":156,"caption":"Hydrablock Pro"},"image":{"@id":"https:\/\/www.hydrablock-pro.com\/#\/schema\/logo\/image\/"}}]}},"_links":{"self":[{"href":"https:\/\/www.hydrablock-pro.com\/nl\/wp-json\/wp\/v2\/product\/518","targetHints":{"allow":["GET"]}}],"collection":[{"href":"https:\/\/www.hydrablock-pro.com\/nl\/wp-json\/wp\/v2\/product"}],"about":[{"href":"https:\/\/www.hydrablock-pro.com\/nl\/wp-json\/wp\/v2\/types\/product"}],"replies":[{"embeddable":true,"href":"https:\/\/www.hydrablock-pro.com\/nl\/wp-json\/wp\/v2\/comments?post=518"}],"wp:featuredmedia":[{"embeddable":true,"href":"https:\/\/www.hydrablock-pro.com\/nl\/wp-json\/wp\/v2\/media\/1619"}],"wp:attachment":[{"href":"https:\/\/www.hydrablock-pro.com\/nl\/wp-json\/wp\/v2\/media?parent=518"}],"wp:term":[{"taxonomy":"product_brand","embeddable":true,"href":"https:\/\/www.hydrablock-pro.com\/nl\/wp-json\/wp\/v2\/product_brand?post=518"},{"taxonomy":"product_cat","embeddable":true,"href":"https:\/\/www.hydrablock-pro.com\/nl\/wp-json\/wp\/v2\/product_cat?post=518"},{"taxonomy":"product_tag","embeddable":true,"href":"https:\/\/www.hydrablock-pro.com\/nl\/wp-json\/wp\/v2\/product_tag?post=518"}],"curies":[{"name":"wp","href":"https:\/\/api.w.org\/{rel}","templated":true}]}}